{"id":193,"date":"2018-10-24T23:46:08","date_gmt":"2018-10-24T21:46:08","guid":{"rendered":"http:\/\/podbukiem.jako-webart.cz\/?page_id=193"},"modified":"2019-02-01T20:12:52","modified_gmt":"2019-02-01T19:12:52","slug":"atrakcje","status":"publish","type":"page","link":"https:\/\/podbukiem.pl\/index.php\/atrakcje\/","title":{"rendered":"Atrakcje"},"content":{"rendered":"<div class=\"wpb-content-wrapper\"><p>[vc_row][vc_column][vc_custom_heading text=&#8221;Nasze atrakcje&#8221; use_theme_fonts=&#8221;yes&#8221;][vc_media_grid item=&#8221;266&#8243; grid_id=&#8221;vc_gid:1549048297178-f7cb6566-776d-3&#8243; include=&#8221;247,246,245,244,243,242,241,240,303&#8243;][vc_custom_heading text=&#8221;Atrakcje L\u0105dka i okolic&#8221; use_theme_fonts=&#8221;yes&#8221;][vc_column_text]<\/p>\n<ul>\n<li>Bor\u00f3wkowa (899 m) &#8211; Wie\u017ca widokowa o wys. 23 m.<\/li>\n<li>Szczyt Trojak (766 m n.p.m.). Punkt widokowy na Masyw \u015anie\u017cnika , Czarn\u0105 G\u00f3r\u0119, \u017bmijowiec.<\/li>\n<li>Zak\u0142ad Przyrodoleczniczy &#8222;WOJCIECH&#8221;<\/li>\n<li>Ruiny zamku KARPIE\u0143. Punk widokowy na G\u00f3ry Bialskie i Masyw \u015anie\u017cnika<\/li>\n<li>Prze\u0142\u0119cz L\u0105decka Punkt widokowy, parking, przej\u015bcie graniczne drogowe do Czech. Szlak turystyczny na Bor\u00f3wkow\u0105.<\/li>\n<li>Arboretum w L\u0105dku-Zdroju.<\/li>\n<li>Jaskinia (grota) Radochowska<\/li>\n<li>Jaskinia Nied\u017awiedzia www.jaskinianiedzwiedzia.pl<\/li>\n<li>Wapiennik \u0141askawy Kamie\u0144 www.wapiennik.eu<\/li>\n<li>Czarna G\u00f3ra (1205 m n.p.m.) &#8211; wie\u017ca widokowa<\/li>\n<li>\u015anie\u017cnik K\u0142odzki (1425 m n.p.m.) &#8211; Schronisko na \u015anie\u017cniku www.schroniskonasniezniku.pl<\/li>\n<li>Kryty most nad rzek\u0105 Bia\u0142\u0105 L\u0105deck\u0105<\/li>\n<li>Kopalnia Z\u0142ota w Z\u0142oty Stoku<\/li>\n<li>Twierdza i Stare Miasto w K\u0142odzku<\/li>\n<li>Wodospad Wilczki, Ogr\u00f3d Bajek w Mi\u0119dzyg\u00f3rzu<\/li>\n<li>Sp\u0142yw pontonowy Prze\u0142omem Bardzkim<\/li>\n<\/ul>\n<p>[\/vc_column_text][\/vc_column][\/vc_row]<\/p>\n<\/div>","protected":false},"excerpt":{"rendered":"<p>[vc_row][vc_column][vc_custom_heading text=&#8221;Nasze atrakcje&#8221; use_theme_fonts=&#8221;yes&#8221;][vc_media_grid item=&#8221;266&#8243; grid_id=&#8221;vc_gid:1549048297178-f7cb6566-776d-3&#8243; include=&#8221;247,246,245,244,243,242,241,240,303&#8243;][vc_custom_heading text=&#8221;Atrakcje L\u0105dka i okolic&#8221; use_theme_fonts=&#8221;yes&#8221;][vc_column_text] Bor\u00f3wkowa (899 m) &#8211; Wie\u017ca widokowa o wys. 23 m. Szczyt Trojak (766 m n.p.m.). Punkt widokowy na Masyw \u015anie\u017cnika , Czarn\u0105 G\u00f3r\u0119, \u017bmijowiec. Zak\u0142ad Przyrodoleczniczy &#8222;WOJCIECH&#8221; Ruiny zamku KARPIE\u0143. Punk widokowy na G\u00f3ry Bialskie i Masyw \u015anie\u017cnika Prze\u0142\u0119cz L\u0105decka Punkt widokowy, parking, [&hellip;]<\/p>\n","protected":false},"author":1,"featured_media":0,"parent":0,"menu_order":0,"comment_status":"closed","ping_status":"closed","template":"onas.php","meta":{"footnotes":""},"categories":[],"tags":[],"_links":{"self":[{"href":"https:\/\/podbukiem.pl\/index.php\/wp-json\/wp\/v2\/pages\/193"}],"collection":[{"href":"https:\/\/podbukiem.pl\/index.php\/wp-json\/wp\/v2\/pages"}],"about":[{"href":"https:\/\/podbukiem.pl\/index.php\/wp-json\/wp\/v2\/types\/page"}],"author":[{"embeddable":true,"href":"https:\/\/podbukiem.pl\/index.php\/wp-json\/wp\/v2\/users\/1"}],"replies":[{"embeddable":true,"href":"https:\/\/podbukiem.pl\/index.php\/wp-json\/wp\/v2\/comments?post=193"}],"version-history":[{"count":28,"href":"https:\/\/podbukiem.pl\/index.php\/wp-json\/wp\/v2\/pages\/193\/revisions"}],"predecessor-version":[{"id":353,"href":"https:\/\/podbukiem.pl\/index.php\/wp-json\/wp\/v2\/pages\/193\/revisions\/353"}],"wp:attachment":[{"href":"https:\/\/podbukiem.pl\/index.php\/wp-json\/wp\/v2\/media?parent=193"}],"wp:term":[{"taxonomy":"category","embeddable":true,"href":"https:\/\/podbukiem.pl\/index.php\/wp-json\/wp\/v2\/categories?post=193"},{"taxonomy":"post_tag","embeddable":true,"href":"https:\/\/podbukiem.pl\/index.php\/wp-json\/wp\/v2\/tags?post=193"}],"curies":[{"name":"wp","href":"https:\/\/api.w.org\/{rel}","templated":true}]}}